{"id":788,"date":"2025-08-21T12:19:39","date_gmt":"2025-08-21T16:19:39","guid":{"rendered":"http:\/\/128.1.20.25\/portal\/?page_id=788"},"modified":"2025-08-21T12:28:19","modified_gmt":"2025-08-21T16:28:19","slug":"municipiocaroni","status":"publish","type":"page","link":"https:\/\/www.alcaldiacaroni.gob.ve\/portal\/municipiocaroni\/","title":{"rendered":"municipiocaroni"},"content":{"rendered":"\t\t<div data-elementor-type=\"wp-page\" data-elementor-id=\"788\" class=\"elementor elementor-788\">\n\t\t\t\t<div class=\"elementor-element elementor-element-5faf3c8 e-con-full e-flex e-con e-parent\" data-id=\"5faf3c8\" data-element_type=\"container\">\n\t\t\t\t<div class=\"elementor-element elementor-element-cd265f1 elementor-widget elementor-widget-shortcode\" data-id=\"cd265f1\" data-element_type=\"widget\" data-widget_type=\"shortcode.default\">\n\t\t\t\t\t\t\t<div class=\"elementor-shortcode\">\t\t<div data-elementor-type=\"wp-post\" data-elementor-id=\"87\" class=\"elementor elementor-87\">\n\t\t\t\t<div class=\"elementor-element elementor-element-1bd3251 e-flex e-con-boxed e-con e-parent\" data-id=\"1bd3251\" data-element_type=\"container\" data-settings=\"{&quot;background_background&quot;:&quot;classic&quot;}\">\n\t\t\t\t\t<div class=\"e-con-inner\">\n\t\t<div class=\"elementor-element elementor-element-dac4a1c e-con-full e-flex e-con e-child\" data-id=\"dac4a1c\" data-element_type=\"container\">\n\t\t\t\t<div class=\"elementor-element elementor-element-40b8fd0 elementor-shape-rounded elementor-grid-0 e-grid-align-center elementor-widget elementor-widget-social-icons\" data-id=\"40b8fd0\" data-element_type=\"widget\" data-widget_type=\"social-icons.default\">\n\t\t\t\t\t\t\t<div class=\"elementor-social-icons-wrapper elementor-grid\" role=\"list\">\n\t\t\t\t\t\t\t<span class=\"elementor-grid-item\" role=\"listitem\">\n\t\t\t\t\t<a class=\"elementor-icon elementor-social-icon elementor-social-icon-instagram elementor-repeater-item-5e31611\" href=\"https:\/\/www.instagram.com\/alcaldiacaroni\/?hl=es-la\" target=\"_blank\" rel=\"noopener\">\n\t\t\t\t\t\t<span class=\"elementor-screen-only\">Instagram<\/span>\n\t\t\t\t\t\t<svg class=\"e-font-icon-svg e-fab-instagram\" viewBox=\"0 0 448 512\" xmlns=\"http:\/\/www.w3.org\/2000\/svg\"><path d=\"M224.1 141c-63.6 0-114.9 51.3-114.9 114.9s51.3 114.9 114.9 114.9S339 319.5 339 255.9 287.7 141 224.1 141zm0 189.6c-41.1 0-74.7-33.5-74.7-74.7s33.5-74.7 74.7-74.7 74.7 33.5 74.7 74.7-33.6 74.7-74.7 74.7zm146.4-194.3c0 14.9-12 26.8-26.8 26.8-14.9 0-26.8-12-26.8-26.8s12-26.8 26.8-26.8 26.8 12 26.8 26.8zm76.1 27.2c-1.7-35.9-9.9-67.7-36.2-93.9-26.2-26.2-58-34.4-93.9-36.2-37-2.1-147.9-2.1-184.9 0-35.8 1.7-67.6 9.9-93.9 36.1s-34.4 58-36.2 93.9c-2.1 37-2.1 147.9 0 184.9 1.7 35.9 9.9 67.7 36.2 93.9s58 34.4 93.9 36.2c37 2.1 147.9 2.1 184.9 0 35.9-1.7 67.7-9.9 93.9-36.2 26.2-26.2 34.4-58 36.2-93.9 2.1-37 2.1-147.8 0-184.8zM398.8 388c-7.8 19.6-22.9 34.7-42.6 42.6-29.5 11.7-99.5 9-132.1 9s-102.7 2.6-132.1-9c-19.6-7.8-34.7-22.9-42.6-42.6-11.7-29.5-9-99.5-9-132.1s-2.6-102.7 9-132.1c7.8-19.6 22.9-34.7 42.6-42.6 29.5-11.7 99.5-9 132.1-9s102.7-2.6 132.1 9c19.6 7.8 34.7 22.9 42.6 42.6 11.7 29.5 9 99.5 9 132.1s2.7 102.7-9 132.1z\"><\/path><\/svg>\t\t\t\t\t<\/a>\n\t\t\t\t<\/span>\n\t\t\t\t\t\t\t<span class=\"elementor-grid-item\" role=\"listitem\">\n\t\t\t\t\t<a class=\"elementor-icon elementor-social-icon elementor-social-icon-x-twitter elementor-repeater-item-18e98c9\" href=\"https:\/\/twitter.com\/alcaldiacaroni?lang=es\" target=\"_blank\" rel=\"noopener\">\n\t\t\t\t\t\t<span class=\"elementor-screen-only\">X-twitter<\/span>\n\t\t\t\t\t\t<svg class=\"e-font-icon-svg e-fab-x-twitter\" viewBox=\"0 0 512 512\" xmlns=\"http:\/\/www.w3.org\/2000\/svg\"><path d=\"M389.2 48h70.6L305.6 224.2 487 464H345L233.7 318.6 106.5 464H35.8L200.7 275.5 26.8 48H172.4L272.9 180.9 389.2 48zM364.4 421.8h39.1L151.1 88h-42L364.4 421.8z\"><\/path><\/svg>\t\t\t\t\t<\/a>\n\t\t\t\t<\/span>\n\t\t\t\t\t\t\t<span class=\"elementor-grid-item\" role=\"listitem\">\n\t\t\t\t\t<a class=\"elementor-icon elementor-social-icon elementor-social-icon-youtube elementor-repeater-item-9e05b1f\" href=\"https:\/\/www.youtube.com\/@alcaldiadecaroni-y4q\" target=\"_blank\" rel=\"noopener\">\n\t\t\t\t\t\t<span class=\"elementor-screen-only\">Youtube<\/span>\n\t\t\t\t\t\t<svg class=\"e-font-icon-svg e-fab-youtube\" viewBox=\"0 0 576 512\" xmlns=\"http:\/\/www.w3.org\/2000\/svg\"><path d=\"M549.655 124.083c-6.281-23.65-24.787-42.276-48.284-48.597C458.781 64 288 64 288 64S117.22 64 74.629 75.486c-23.497 6.322-42.003 24.947-48.284 48.597-11.412 42.867-11.412 132.305-11.412 132.305s0 89.438 11.412 132.305c6.281 23.65 24.787 41.5 48.284 47.821C117.22 448 288 448 288 448s170.78 0 213.371-11.486c23.497-6.321 42.003-24.171 48.284-47.821 11.412-42.867 11.412-132.305 11.412-132.305s0-89.438-11.412-132.305zm-317.51 213.508V175.185l142.739 81.205-142.739 81.201z\"><\/path><\/svg>\t\t\t\t\t<\/a>\n\t\t\t\t<\/span>\n\t\t\t\t\t\t\t<span class=\"elementor-grid-item\" role=\"listitem\">\n\t\t\t\t\t<a class=\"elementor-icon elementor-social-icon elementor-social-icon-telegram elementor-repeater-item-ea7253e\" href=\"https:\/\/t.me\/chinoalonzo\" target=\"_blank\">\n\t\t\t\t\t\t<span class=\"elementor-screen-only\">Telegram<\/span>\n\t\t\t\t\t\t<svg class=\"e-font-icon-svg e-fab-telegram\" viewBox=\"0 0 496 512\" xmlns=\"http:\/\/www.w3.org\/2000\/svg\"><path d=\"M248 8C111 8 0 119 0 256s111 248 248 248 248-111 248-248S385 8 248 8zm121.8 169.9l-40.7 191.8c-3 13.6-11.1 16.9-22.4 10.5l-62-45.7-29.9 28.8c-3.3 3.3-6.1 6.1-12.5 6.1l4.4-63.1 114.9-103.8c5-4.4-1.1-6.9-7.7-2.5l-142 89.4-61.2-19.1c-13.3-4.2-13.6-13.3 2.8-19.7l239.1-92.2c11.1-4 20.8 2.7 17.2 19.5z\"><\/path><\/svg>\t\t\t\t\t<\/a>\n\t\t\t\t<\/span>\n\t\t\t\t\t<\/div>\n\t\t\t\t\t\t<\/div>\n\t\t\t\t<\/div>\n\t\t<div class=\"elementor-element elementor-element-dc1a0a8 e-con-full e-flex e-con e-child\" data-id=\"dc1a0a8\" data-element_type=\"container\">\n\t\t\t\t<\/div>\n\t\t<div class=\"elementor-element elementor-element-cb09484 e-con-full e-flex e-con e-child\" data-id=\"cb09484\" data-element_type=\"container\">\n\t\t\t\t<\/div>\n\t\t\t\t\t<\/div>\n\t\t\t\t<\/div>\n\t\t<div class=\"elementor-element elementor-element-d29fb0c e-flex e-con-boxed e-con e-parent\" data-id=\"d29fb0c\" data-element_type=\"container\" data-settings=\"{&quot;background_background&quot;:&quot;classic&quot;}\">\n\t\t\t\t\t<div class=\"e-con-inner\">\n\t\t\t\t\t<\/div>\n\t\t\t\t<\/div>\n\t\t<div class=\"elementor-element elementor-element-32252d7 e-con-full e-flex e-con e-parent\" data-id=\"32252d7\" data-element_type=\"container\">\n\t\t\t\t<div class=\"elementor-element elementor-element-db955c0 elementor-widget elementor-widget-shortcode\" data-id=\"db955c0\" data-element_type=\"widget\" data-widget_type=\"shortcode.default\">\n\t\t\t\t\t\t\t<div class=\"elementor-shortcode\">\t\t<div data-elementor-type=\"wp-post\" data-elementor-id=\"196\" class=\"elementor elementor-196\">\n\t\t\t\t<div class=\"elementor-element elementor-element-3b6be3f e-con-full e-flex e-con e-parent\" data-id=\"3b6be3f\" data-element_type=\"container\" data-settings=\"{&quot;background_background&quot;:&quot;classic&quot;}\">\n\t\t\t\t<div class=\"elementor-element elementor-element-1a0afdc elementor-widget elementor-widget-shortcode\" data-id=\"1a0afdc\" data-element_type=\"widget\" data-widget_type=\"shortcode.default\">\n\t\t\t\t\t\t\t<div class=\"elementor-shortcode\">        <div class=\"json-menu-container\">\r\n            <button class=\"json-menu-toggle\" aria-label=\"Abrir men\u00fa\">Men\u00fa<\/button>\r\n            <div class=\"json-menu-horizontal\">\r\n                <li class=\"menu-item current-menu-item\"><a href=\"https:\/\/www.alcaldiacaroni.gob.ve\/portal\/\">Inicio<\/a><\/li><li class=\"menu-item has-submenu\"><a href=\"#\">Nosotros<\/a><ul class=\"submenu\"><li class=\"menu-item\"><a href=\"https:\/\/www.alcaldiacaroni.gob.ve\/portal\/alcalde\">Alcalde<\/a><\/li><li class=\"menu-item\"><a href=\"https:\/\/www.alcaldiacaroni.gob.ve\/portal\/municipio\">Municipio<\/a><\/li><\/ul><\/li><li class=\"menu-item\"><a href=\"https:\/\/www.alcaldiacaroni.gob.ve\/portal\/portal\/noticias\/\">Noticias<\/a><\/li><li class=\"menu-item has-submenu\"><a href=\"#\">Intranet<\/a><ul class=\"submenu\"><li class=\"menu-item\"><a href=\"https:\/\/www.alcaldiacaroni.gob.ve\/portal\/intranet\/\">Intranet<\/a><\/li><li class=\"menu-item\"><a href=\"https:\/\/www.alcaldiacaroni.gob.ve\/portal\/SSC\/\">Control y Gesti\u00f3n<\/a><\/li><li class=\"menu-item\"><a href=\"https:\/\/www.alcaldiacaroni.gob.ve\/portal\/REMP\/\">CREDICARONI<\/a><\/li><\/ul><\/li><li class=\"menu-item\"><a href=\"https:\/\/www.alcaldiacaroni.gob.ve\/portal\/mail\/\">Correo Institucional<\/a><\/li>            <\/div>\r\n        <\/div>\r\n        <\/div>\n\t\t\t\t\t\t<\/div>\n\t\t\t\t<\/div>\n\t\t<div class=\"elementor-element elementor-element-65dec12 e-flex e-con-boxed e-con e-parent\" data-id=\"65dec12\" data-element_type=\"container\">\n\t\t\t\t\t<div class=\"e-con-inner\">\n\t\t\t\t\t<\/div>\n\t\t\t\t<\/div>\n\t\t\t\t<\/div>\n\t\t<\/div>\n\t\t\t\t\t\t<\/div>\n\t\t\t\t<\/div>\n\t\t\t\t<\/div>\n\t\t<\/div>\n\t\t\t\t\t\t<\/div>\n\t\t\t\t<\/div>\n\t\t<div class=\"elementor-element elementor-element-dbb45b0 e-flex e-con-boxed e-con e-parent\" data-id=\"dbb45b0\" data-element_type=\"container\">\n\t\t\t\t\t<div class=\"e-con-inner\">\n\t\t\t\t<div class=\"elementor-element elementor-element-5fb60d1 elementor-widget elementor-widget-heading\" data-id=\"5fb60d1\" data-element_type=\"widget\" data-widget_type=\"heading.default\">\n\t\t\t\t\t<h2 class=\"elementor-heading-title elementor-size-default\">Municipio Caron\u00ed<\/h2>\t\t\t\t<\/div>\n\t\t\t\t\t<\/div>\n\t\t\t\t<\/div>\n\t\t<div class=\"elementor-element elementor-element-2079fc6 e-flex e-con-boxed e-con e-parent\" data-id=\"2079fc6\" data-element_type=\"container\">\n\t\t\t\t\t<div class=\"e-con-inner\">\n\t\t<div class=\"elementor-element elementor-element-42d0e4c e-grid e-con-full e-con e-child\" data-id=\"42d0e4c\" data-element_type=\"container\">\n\t\t\t\t<div class=\"elementor-element elementor-element-0c383d7 elementor-widget elementor-widget-image\" data-id=\"0c383d7\" data-element_type=\"widget\" data-widget_type=\"image.default\">\n\t\t\t\t\t\t\t\t\t\t\t\t\t\t\t<img fetchpriority=\"high\" decoding=\"async\" width=\"813\" height=\"687\" src=\"https:\/\/www.alcaldiacaroni.gob.ve\/portal\/wp-content\/uploads\/2025\/08\/mapadelimitado.png\" class=\"attachment-large size-large wp-image-799\" alt=\"\" srcset=\"https:\/\/www.alcaldiacaroni.gob.ve\/portal\/wp-content\/uploads\/2025\/08\/mapadelimitado.png 813w, https:\/\/www.alcaldiacaroni.gob.ve\/portal\/wp-content\/uploads\/2025\/08\/mapadelimitado-300x254.png 300w, https:\/\/www.alcaldiacaroni.gob.ve\/portal\/wp-content\/uploads\/2025\/08\/mapadelimitado-768x649.png 768w\" sizes=\"(max-width: 813px) 100vw, 813px\" \/>\t\t\t\t\t\t\t\t\t\t\t\t\t\t\t<\/div>\n\t\t\t\t<div class=\"elementor-element elementor-element-4c91f92 elementor-widget elementor-widget-html\" data-id=\"4c91f92\" data-element_type=\"widget\" data-widget_type=\"html.default\">\n\t\t\t\t\t<h3>L\u00edmites<\/h3><br>\n<p style=\"text-align: justify;\">Ciudad Guayana, tierra de h\u00e9roes, libertad, potencia industrial, tur\u00edstica, social y ambiental,  donde se produce el encuentro de los r\u00edos Orinoco y Caron\u00ed, est\u00e1 bordeada por el norte, aguas abajo, con Los Barrancos de Fajardo, municipio Sotillo del estado Monagas; al sur, con Upata, municipio Piar; por el Oeste, con Ciudad Bol\u00edvar, municipio Angostura del Orinoco (antiguo Heres) y por el Este, con los  municipio Casacoima del estado Delta Amacuro y Piar, del estado Bol\u00edvar.<\/p><br>\n<h3>Divisi\u00f3n Pol\u00edtico Territorial<\/h3><br>\n<p style=\"text-align: justify;\">La presencia del r\u00edo Caron\u00ed genera 2 sectores territoriales, el sector oriental o San F\u00e9lix que lo integran 8 parroquias, y otro occidental o Puerto Ordaz con 3 parroquias. De las 11 parroquias, 8 tienen  desarrollo urbano predominante y 3 con desarrollo rural. Parroquias urbanas sector San F\u00e9lix: Dalla Costa, Sim\u00f3n Bol\u00edvar, 11 de Abril, Chirica, Vista al Sol. Parroquias urbanas sector Puerto Ordaz: Unare, Universidad, Cachamay. Parroquias rurales: Yocoima, Pozo Verde, 5 de Julio.<\/p>\t\t\t\t<\/div>\n\t\t\t\t<\/div>\n\t\t\t\t\t<\/div>\n\t\t\t\t<\/div>\n\t\t<div class=\"elementor-element elementor-element-332f85e e-flex e-con-boxed e-con e-parent\" data-id=\"332f85e\" data-element_type=\"container\">\n\t\t\t\t\t<div class=\"e-con-inner\">\n\t\t\t\t<div class=\"elementor-element elementor-element-2630a19 elementor-widget elementor-widget-spacer\" data-id=\"2630a19\" data-element_type=\"widget\" data-widget_type=\"spacer.default\">\n\t\t\t\t\t\t\t<div class=\"elementor-spacer\">\n\t\t\t<div class=\"elementor-spacer-inner\"><\/div>\n\t\t<\/div>\n\t\t\t\t\t\t<\/div>\n\t\t\t\t\t<\/div>\n\t\t\t\t<\/div>\n\t\t<div class=\"elementor-element elementor-element-a598697 e-con-full e-flex e-con e-parent\" data-id=\"a598697\" data-element_type=\"container\" data-settings=\"{&quot;background_background&quot;:&quot;classic&quot;}\">\n\t\t\t\t<div class=\"elementor-element elementor-element-45e38c0 elementor-widget elementor-widget-shortcode\" data-id=\"45e38c0\" data-element_type=\"widget\" data-widget_type=\"shortcode.default\">\n\t\t\t\t\t\t\t<div class=\"elementor-shortcode\">\t\t<div data-elementor-type=\"wp-post\" data-elementor-id=\"405\" class=\"elementor elementor-405\">\n\t\t\t\t<div class=\"elementor-element elementor-element-f0c2a01 e-flex e-con-boxed e-con e-parent\" data-id=\"f0c2a01\" data-element_type=\"container\" data-settings=\"{&quot;background_background&quot;:&quot;classic&quot;}\">\n\t\t\t\t\t<div class=\"e-con-inner\">\n\t\t<div class=\"elementor-element elementor-element-0111da5 e-con-full e-flex e-con e-child\" data-id=\"0111da5\" data-element_type=\"container\">\n\t\t\t\t<\/div>\n\t\t<div class=\"elementor-element elementor-element-146025c e-con-full e-flex e-con e-child\" data-id=\"146025c\" data-element_type=\"container\">\n\t\t\t\t<div class=\"elementor-element elementor-element-baddf01 elementor-widget elementor-widget-heading\" data-id=\"baddf01\" data-element_type=\"widget\" data-widget_type=\"heading.default\">\n\t\t\t\t\t<h6 class=\"elementor-heading-title elementor-size-default\">Calle Sucre con Bol\u00edvar, Palacio Municipal Ciudad Guayana Estado Bol\u00edvar - Venezuela - C\u00f3digo Postal: 8050-8051 RIF- G-20000363-4<\/h6>\t\t\t\t<\/div>\n\t\t\t\t<div class=\"elementor-element elementor-element-cdbb56b elementor-widget elementor-widget-heading\" data-id=\"cdbb56b\" data-element_type=\"widget\" data-widget_type=\"heading.default\">\n\t\t\t\t\t<h6 class=\"elementor-heading-title elementor-size-default\">Calle Sucre con Bol\u00edvar, Palacio Municipal Ciudad Guayana Estado Bol\u00edvar - Venezuela - C\u00f3digo Postal: 8050-8051 RIF- G-20000363-4<\/h6>\t\t\t\t<\/div>\n\t\t\t\t<div class=\"elementor-element elementor-element-2a8d994 elementor-widget elementor-widget-heading\" data-id=\"2a8d994\" data-element_type=\"widget\" data-widget_type=\"heading.default\">\n\t\t\t\t\t<h6 class=\"elementor-heading-title elementor-size-default\">Calle Sucre con Bol\u00edvar, Palacio Municipal Ciudad Guayana Estado Bol\u00edvar - Venezuela - C\u00f3digo Postal: 8050-8051 RIF- G-20000363-4<\/h6>\t\t\t\t<\/div>\n\t\t\t\t<\/div>\n\t\t<div class=\"elementor-element elementor-element-3245904 e-con-full e-flex e-con e-child\" data-id=\"3245904\" data-element_type=\"container\">\n\t\t\t\t<div class=\"elementor-element elementor-element-d31aa62 elementor-shape-rounded elementor-grid-0 e-grid-align-center elementor-widget elementor-widget-social-icons\" data-id=\"d31aa62\" data-element_type=\"widget\" data-widget_type=\"social-icons.default\">\n\t\t\t\t\t\t\t<div class=\"elementor-social-icons-wrapper elementor-grid\" role=\"list\">\n\t\t\t\t\t\t\t<span class=\"elementor-grid-item\" role=\"listitem\">\n\t\t\t\t\t<a class=\"elementor-icon elementor-social-icon elementor-social-icon-x-twitter elementor-repeater-item-3697b63\" href=\"https:\/\/twitter.com\/alcaldiacaroni?lang=es\" target=\"_blank\" rel=\"noopener\">\n\t\t\t\t\t\t<span class=\"elementor-screen-only\">X-twitter<\/span>\n\t\t\t\t\t\t<svg class=\"e-font-icon-svg e-fab-x-twitter\" viewBox=\"0 0 512 512\" xmlns=\"http:\/\/www.w3.org\/2000\/svg\"><path d=\"M389.2 48h70.6L305.6 224.2 487 464H345L233.7 318.6 106.5 464H35.8L200.7 275.5 26.8 48H172.4L272.9 180.9 389.2 48zM364.4 421.8h39.1L151.1 88h-42L364.4 421.8z\"><\/path><\/svg>\t\t\t\t\t<\/a>\n\t\t\t\t<\/span>\n\t\t\t\t\t\t\t<span class=\"elementor-grid-item\" role=\"listitem\">\n\t\t\t\t\t<a class=\"elementor-icon elementor-social-icon elementor-social-icon-instagram elementor-repeater-item-d9ab862\" href=\"https:\/\/www.instagram.com\/alcaldiacaroni\/?hl=es-la\" target=\"_blank\" rel=\"noopener\">\n\t\t\t\t\t\t<span class=\"elementor-screen-only\">Instagram<\/span>\n\t\t\t\t\t\t<svg class=\"e-font-icon-svg e-fab-instagram\" viewBox=\"0 0 448 512\" xmlns=\"http:\/\/www.w3.org\/2000\/svg\"><path d=\"M224.1 141c-63.6 0-114.9 51.3-114.9 114.9s51.3 114.9 114.9 114.9S339 319.5 339 255.9 287.7 141 224.1 141zm0 189.6c-41.1 0-74.7-33.5-74.7-74.7s33.5-74.7 74.7-74.7 74.7 33.5 74.7 74.7-33.6 74.7-74.7 74.7zm146.4-194.3c0 14.9-12 26.8-26.8 26.8-14.9 0-26.8-12-26.8-26.8s12-26.8 26.8-26.8 26.8 12 26.8 26.8zm76.1 27.2c-1.7-35.9-9.9-67.7-36.2-93.9-26.2-26.2-58-34.4-93.9-36.2-37-2.1-147.9-2.1-184.9 0-35.8 1.7-67.6 9.9-93.9 36.1s-34.4 58-36.2 93.9c-2.1 37-2.1 147.9 0 184.9 1.7 35.9 9.9 67.7 36.2 93.9s58 34.4 93.9 36.2c37 2.1 147.9 2.1 184.9 0 35.9-1.7 67.7-9.9 93.9-36.2 26.2-26.2 34.4-58 36.2-93.9 2.1-37 2.1-147.8 0-184.8zM398.8 388c-7.8 19.6-22.9 34.7-42.6 42.6-29.5 11.7-99.5 9-132.1 9s-102.7 2.6-132.1-9c-19.6-7.8-34.7-22.9-42.6-42.6-11.7-29.5-9-99.5-9-132.1s-2.6-102.7 9-132.1c7.8-19.6 22.9-34.7 42.6-42.6 29.5-11.7 99.5-9 132.1-9s102.7-2.6 132.1 9c19.6 7.8 34.7 22.9 42.6 42.6 11.7 29.5 9 99.5 9 132.1s2.7 102.7-9 132.1z\"><\/path><\/svg>\t\t\t\t\t<\/a>\n\t\t\t\t<\/span>\n\t\t\t\t\t<\/div>\n\t\t\t\t\t\t<\/div>\n\t\t\t\t<\/div>\n\t\t\t\t\t<\/div>\n\t\t\t\t<\/div>\n\t\t\t\t<\/div>\n\t\t<\/div>\n\t\t\t\t\t\t<\/div>\n\t\t\t\t<\/div>\n\t\t\t\t<\/div>\n\t\t","protected":false},"excerpt":{"rendered":"<p>Municipio Caron\u00ed L\u00edmites Ciudad Guayana, tierra de h\u00e9roes, libertad, potencia industrial, tur\u00edstica, social y ambiental, donde se produce el encuentro de los r\u00edos Orinoco y Caron\u00ed, est\u00e1 bordeada por el [&hellip;]<\/p>\n","protected":false},"author":2,"featured_media":0,"parent":0,"menu_order":0,"comment_status":"closed","ping_status":"closed","template":"","meta":{"_EventAllDay":false,"_EventTimezone":"","_EventStartDate":"","_EventEndDate":"","_EventStartDateUTC":"","_EventEndDateUTC":"","_EventShowMap":false,"_EventShowMapLink":false,"_EventURL":"","_EventCost":"","_EventCostDescription":"","_EventCurrencySymbol":"","_EventCurrencyCode":"","_EventCurrencyPosition":"","_EventDateTimeSeparator":"","_EventTimeRangeSeparator":"","_EventOrganizerID":[],"_EventVenueID":[],"_OrganizerEmail":"","_OrganizerPhone":"","_OrganizerWebsite":"","_VenueAddress":"","_VenueCity":"","_VenueCountry":"","_VenueProvince":"","_VenueState":"","_VenueZip":"","_VenuePhone":"","_VenueURL":"","_VenueStateProvince":"","_VenueLat":"","_VenueLng":"","_VenueShowMap":false,"_VenueShowMapLink":false,"footnotes":""},"class_list":["post-788","page","type-page","status-publish","hentry"],"_links":{"self":[{"href":"https:\/\/www.alcaldiacaroni.gob.ve\/portal\/wp-json\/wp\/v2\/pages\/788","targetHints":{"allow":["GET"]}}],"collection":[{"href":"https:\/\/www.alcaldiacaroni.gob.ve\/portal\/wp-json\/wp\/v2\/pages"}],"about":[{"href":"https:\/\/www.alcaldiacaroni.gob.ve\/portal\/wp-json\/wp\/v2\/types\/page"}],"author":[{"embeddable":true,"href":"https:\/\/www.alcaldiacaroni.gob.ve\/portal\/wp-json\/wp\/v2\/users\/2"}],"replies":[{"embeddable":true,"href":"https:\/\/www.alcaldiacaroni.gob.ve\/portal\/wp-json\/wp\/v2\/comments?post=788"}],"version-history":[{"count":19,"href":"https:\/\/www.alcaldiacaroni.gob.ve\/portal\/wp-json\/wp\/v2\/pages\/788\/revisions"}],"predecessor-version":[{"id":808,"href":"https:\/\/www.alcaldiacaroni.gob.ve\/portal\/wp-json\/wp\/v2\/pages\/788\/revisions\/808"}],"wp:attachment":[{"href":"https:\/\/www.alcaldiacaroni.gob.ve\/portal\/wp-json\/wp\/v2\/media?parent=788"}],"curies":[{"name":"wp","href":"https:\/\/api.w.org\/{rel}","templated":true}]}}